{"id":1243,"date":"2024-09-17T18:01:07","date_gmt":"2024-09-18T00:01:07","guid":{"rendered":"https:\/\/academiadederechonotarial.org\/?page_id=1243"},"modified":"2024-09-20T18:00:36","modified_gmt":"2024-09-21T00:00:36","slug":"ccmenu","status":"publish","type":"page","link":"https:\/\/academiadederechonotarial.org\/index.php\/ccmenu\/","title":{"rendered":"CCMENU"},"content":{"rendered":"<p>[et_pb_section fb_built=\u00bb1&#8243; _builder_version=\u00bb4.27.0&#8243; _module_preset=\u00bbdefault\u00bb background_color=\u00bb#f1f1f1&#8243; height_tablet=\u00bb100%\u00bb height_phone=\u00bb100%\u00bb height_last_edited=\u00bboff|desktop\u00bb display_conditions=\u00bbW3siaWQiOiI5MTQ0M2I2MS0xZDE1LTQ5ZDQtODUwZS0xNmZjNTIyNzM0ODkiLCJjb25kaXRpb24iOiJsb2dnZWRJblN0YXR1cyIsImNvbmRpdGlvblNldHRpbmdzIjp7ImRpc3BsYXlSdWxlIjoibG9nZ2VkSW4iLCJhZG1pbkxhYmVsIjoiRXN0YWRvIGRlIGluaWNpbyBkZSBzZXNpw7NuIiwiZW5hYmxlQ29uZGl0aW9uIjoib24ifSwib3BlcmF0b3IiOiJPUiJ9XQ==\u00bb custom_padding=\u00bb||120px||false|false\u00bb global_colors_info=\u00bb{}\u00bb][et_pb_row _builder_version=\u00bb4.27.0&#8243; _module_preset=\u00bbdefault\u00bb background_color=\u00bb#FFFFFF\u00bb custom_margin=\u00bb||30px||false|false\u00bb custom_padding=\u00bb35px|40px|35px|40px|true|true\u00bb box_shadow_style=\u00bbpreset1&#8243; box_shadow_color=\u00bbrgba(103,151,255,0.1)\u00bb global_colors_info=\u00bb{}\u00bb][et_pb_column type=\u00bb4_4&#8243; _builder_version=\u00bb4.27.0&#8243; _module_preset=\u00bbdefault\u00bb global_colors_info=\u00bb{}\u00bb][et_pb_text _builder_version=\u00bb4.27.0&#8243; _module_preset=\u00bbdefault\u00bb header_font=\u00bb|700|||||||\u00bb header_text_color=\u00bb#1C2C3C\u00bb header_font_size=\u00bb28px\u00bb header_line_height=\u00bb1.3em\u00bb custom_margin=\u00bb||10px||false|false\u00bb custom_margin_tablet=\u00bb||5px||false|false\u00bb custom_margin_phone=\u00bb||5px||false|false\u00bb custom_margin_last_edited=\u00bbon|phone\u00bb header_font_size_tablet=\u00bb26px\u00bb header_font_size_phone=\u00bb20px\u00bb header_font_size_last_edited=\u00bbon|phone\u00bb global_colors_info=\u00bb{}\u00bb]<\/p>\n<h1>\u00a1Bienvenido a tu sitio web!<\/h1>\n<p>[\/et_pb_text][et_pb_text _builder_version=\u00bb4.27.0&#8243; _module_preset=\u00bbdefault\u00bb text_font_size=\u00bb15px\u00bb text_line_height=\u00bb1.6em\u00bb text_font_size_tablet=\u00bb15px\u00bb text_font_size_phone=\u00bb14px\u00bb text_font_size_last_edited=\u00bbon|phone\u00bb global_colors_info=\u00bb{}\u00bb]<\/p>\n<p>Desde este panel puedes gestionar las p\u00e1ginas, las publicaciones del blog, administrar comentarios, medios, usuarios, y contactarnos para resolver cualquier duda que tengas sobre tu sitio web.<\/p>\n<p>[\/et_pb_text][\/et_pb_column][\/et_pb_row][et_pb_row column_structure=\u00bb1_3,1_3,1_3&#8243; use_custom_gutter=\u00bbon\u00bb gutter_width=\u00bb2&#8243; make_equal=\u00bbon\u00bb _builder_version=\u00bb4.27.0&#8243; _module_preset=\u00bbdefault\u00bb custom_margin=\u00bb||30px||false|false\u00bb custom_padding=\u00bb0px||0px||true|false\u00bb global_colors_info=\u00bb{}\u00bb][et_pb_column type=\u00bb1_3&#8243; _builder_version=\u00bb4.27.0&#8243; _module_preset=\u00bbdefault\u00bb global_colors_info=\u00bb{}\u00bb][et_pb_blurb title=\u00bbAdministrar Blog\u00bb url=\u00bbhttps:\/\/academiadederechonotarial.org\/wp-admin\/edit.php\u00bb use_icon=\u00bbon\u00bb font_icon=\u00bb&#xf15b;||fa||900&#8243; image_icon_width=\u00bb70px\u00bb content_max_width=\u00bb100%\u00bb image_icon_width_tablet=\u00bb60px\u00bb image_icon_width_phone=\u00bb50px\u00bb image_icon_width_last_edited=\u00bbon|desktop\u00bb _builder_version=\u00bb4.27.0&#8243; _module_preset=\u00bb_initial\u00bb header_font=\u00bb|700|||||||\u00bb header_text_align=\u00bbcenter\u00bb header_text_color=\u00bb#1C2C3C\u00bb header_font_size=\u00bb13px\u00bb header_letter_spacing=\u00bb1px\u00bb header_line_height=\u00bb2.7em\u00bb body_font=\u00bb|700|||||||\u00bb body_text_align=\u00bbcenter\u00bb body_text_color=\u00bb#1C2C3C\u00bb body_font_size=\u00bb24px\u00bb body_line_height=\u00bb1.6em\u00bb background_color=\u00bb#FFFFFF\u00bb custom_padding=\u00bb40px|20px|40px|20px|true|true\u00bb hover_enabled=\u00bb0&#8243; body_font_size_tablet=\u00bb24px\u00bb body_font_size_phone=\u00bb18px\u00bb body_font_size_last_edited=\u00bbon|desktop\u00bb body_line_height_tablet=\u00bb1.6em\u00bb body_line_height_phone=\u00bb2em\u00bb body_line_height_last_edited=\u00bbon|desktop\u00bb box_shadow_style=\u00bbpreset1&#8243; box_shadow_color=\u00bbrgba(103,151,255,0.1)\u00bb global_colors_info=\u00bb{}\u00bb sticky_enabled=\u00bb0&#8243;]<\/p>\n<p>Desde aqu\u00ed agrega, edita o elimina las p\u00e1ginas del blog de tu sitio.<\/p>\n<p>[\/et_pb_blurb][\/et_pb_column][et_pb_column type=\u00bb1_3&#8243; _builder_version=\u00bb4.27.0&#8243; _module_preset=\u00bbdefault\u00bb global_colors_info=\u00bb{}\u00bb][et_pb_blurb title=\u00bbNuevo Blog\u00bb url=\u00bbhttps:\/\/academiadederechonotarial.org\/wp-admin\/post-new.php\u00bb use_icon=\u00bbon\u00bb font_icon=\u00bb&#xf08d;||fa||900&#8243; image_icon_width=\u00bb70px\u00bb content_max_width=\u00bb100%\u00bb image_icon_width_tablet=\u00bb60px\u00bb image_icon_width_phone=\u00bb50px\u00bb image_icon_width_last_edited=\u00bbon|desktop\u00bb _builder_version=\u00bb4.27.0&#8243; _module_preset=\u00bb_initial\u00bb header_font=\u00bb|700|||||||\u00bb header_text_align=\u00bbcenter\u00bb header_text_color=\u00bb#1C2C3C\u00bb header_font_size=\u00bb13px\u00bb header_letter_spacing=\u00bb1px\u00bb header_line_height=\u00bb2.7em\u00bb body_font=\u00bb|700|||||||\u00bb body_text_align=\u00bbcenter\u00bb body_text_color=\u00bb#1C2C3C\u00bb body_font_size=\u00bb24px\u00bb body_line_height=\u00bb1.6em\u00bb custom_padding=\u00bb40px|20px|40px|20px|true|true\u00bb body_font_size_tablet=\u00bb24px\u00bb body_font_size_phone=\u00bb18px\u00bb body_font_size_last_edited=\u00bbon|desktop\u00bb body_line_height_tablet=\u00bb1.6em\u00bb body_line_height_phone=\u00bb2em\u00bb body_line_height_last_edited=\u00bbon|desktop\u00bb box_shadow_style=\u00bbpreset1&#8243; box_shadow_color=\u00bbrgba(103,151,255,0.1)\u00bb global_colors_info=\u00bb{}\u00bb background_color=\u00bb#FFFFFF\u00bb]<\/p>\n<p>Desde aqu\u00ed agrega una nueva p\u00e1gina para el blog.<\/p>\n<p>[\/et_pb_blurb][\/et_pb_column][et_pb_column type=\u00bb1_3&#8243; _builder_version=\u00bb4.27.0&#8243; _module_preset=\u00bbdefault\u00bb global_colors_info=\u00bb{}\u00bb][et_pb_blurb title=\u00bbAdministrar comentarios\u00bb url=\u00bbhttps:\/\/academiadederechonotarial.org\/wp-admin\/edit-comments.php\u00bb use_icon=\u00bbon\u00bb font_icon=\u00bb&#xf15b;||fa||900&#8243; image_icon_width=\u00bb70px\u00bb content_max_width=\u00bb100%\u00bb image_icon_width_tablet=\u00bb60px\u00bb image_icon_width_phone=\u00bb50px\u00bb image_icon_width_last_edited=\u00bbon|desktop\u00bb _builder_version=\u00bb4.27.0&#8243; _module_preset=\u00bb_initial\u00bb header_font=\u00bb|700|||||||\u00bb header_text_align=\u00bbcenter\u00bb header_text_color=\u00bb#1C2C3C\u00bb header_font_size=\u00bb13px\u00bb header_letter_spacing=\u00bb1px\u00bb header_line_height=\u00bb2.7em\u00bb body_font=\u00bb|700|||||||\u00bb body_text_align=\u00bbcenter\u00bb body_text_color=\u00bb#1C2C3C\u00bb body_font_size=\u00bb24px\u00bb body_line_height=\u00bb1.6em\u00bb custom_padding=\u00bb40px|20px|40px|20px|true|true\u00bb body_font_size_tablet=\u00bb24px\u00bb body_font_size_phone=\u00bb18px\u00bb body_font_size_last_edited=\u00bbon|desktop\u00bb body_line_height_tablet=\u00bb1.6em\u00bb body_line_height_phone=\u00bb2em\u00bb body_line_height_last_edited=\u00bbon|desktop\u00bb box_shadow_style=\u00bbpreset1&#8243; box_shadow_color=\u00bbrgba(103,151,255,0.1)\u00bb global_colors_info=\u00bb{}\u00bb background_color=\u00bb#FFFFFF\u00bb]<\/p>\n<p>Desde aqu\u00ed aprueba, edita o elimina los comentarios del blog.<\/p>\n<p>[\/et_pb_blurb][\/et_pb_column][\/et_pb_row][et_pb_row column_structure=\u00bb1_3,1_3,1_3&#8243; use_custom_gutter=\u00bbon\u00bb gutter_width=\u00bb2&#8243; make_equal=\u00bbon\u00bb _builder_version=\u00bb4.27.0&#8243; _module_preset=\u00bbdefault\u00bb custom_margin=\u00bb||30px||false|false\u00bb custom_padding=\u00bb0px||0px||true|false\u00bb global_colors_info=\u00bb{}\u00bb][et_pb_column type=\u00bb1_3&#8243; _builder_version=\u00bb4.27.0&#8243; _module_preset=\u00bbdefault\u00bb global_colors_info=\u00bb{}\u00bb][et_pb_blurb title=\u00bbAdministrar medios\u00bb url=\u00bbhttps:\/\/academiadederechonotarial.org\/wp-admin\/upload.php\u00bb use_icon=\u00bbon\u00bb font_icon=\u00bb&#xf87c;||fa||900&#8243; image_icon_width=\u00bb70px\u00bb content_max_width=\u00bb100%\u00bb image_icon_width_tablet=\u00bb60px\u00bb image_icon_width_phone=\u00bb50px\u00bb image_icon_width_last_edited=\u00bbon|desktop\u00bb _builder_version=\u00bb4.27.0&#8243; _module_preset=\u00bb_initial\u00bb header_font=\u00bb|700|||||||\u00bb header_text_align=\u00bbcenter\u00bb header_text_color=\u00bb#1C2C3C\u00bb header_font_size=\u00bb13px\u00bb header_letter_spacing=\u00bb1px\u00bb header_line_height=\u00bb2.7em\u00bb body_font=\u00bb|700|||||||\u00bb body_text_align=\u00bbcenter\u00bb body_text_color=\u00bb#1C2C3C\u00bb body_font_size=\u00bb24px\u00bb body_line_height=\u00bb1.6em\u00bb custom_padding=\u00bb40px|20px|40px|20px|true|true\u00bb body_font_size_tablet=\u00bb24px\u00bb body_font_size_phone=\u00bb18px\u00bb body_font_size_last_edited=\u00bbon|desktop\u00bb body_line_height_tablet=\u00bb1.6em\u00bb body_line_height_phone=\u00bb2em\u00bb body_line_height_last_edited=\u00bbon|desktop\u00bb box_shadow_style=\u00bbpreset1&#8243; box_shadow_color=\u00bbrgba(103,151,255,0.1)\u00bb global_colors_info=\u00bb{}\u00bb background_color=\u00bb#FFFFFF\u00bb]<\/p>\n<p>Desde aqu\u00ed gestiona los archivos multimedia de tu sitio web.<\/p>\n<p>[\/et_pb_blurb][\/et_pb_column][et_pb_column type=\u00bb1_3&#8243; _builder_version=\u00bb4.27.0&#8243; _module_preset=\u00bbdefault\u00bb global_colors_info=\u00bb{}\u00bb][et_pb_blurb title=\u00bbAdministrar usuarios\u00bb url=\u00bbhttps:\/\/academiadederechonotarial.org\/wp-admin\/profile.php\u00bb use_icon=\u00bbon\u00bb font_icon=\u00bb&#xf007;||fa||900&#8243; image_icon_width=\u00bb70px\u00bb content_max_width=\u00bb100%\u00bb image_icon_width_tablet=\u00bb60px\u00bb image_icon_width_phone=\u00bb50px\u00bb image_icon_width_last_edited=\u00bbon|desktop\u00bb _builder_version=\u00bb4.27.0&#8243; _module_preset=\u00bb_initial\u00bb header_font=\u00bb|700|||||||\u00bb header_text_align=\u00bbcenter\u00bb header_text_color=\u00bb#1C2C3C\u00bb header_font_size=\u00bb13px\u00bb header_letter_spacing=\u00bb1px\u00bb header_line_height=\u00bb2.7em\u00bb body_font=\u00bb|700|||||||\u00bb body_text_align=\u00bbcenter\u00bb body_text_color=\u00bb#1C2C3C\u00bb body_font_size=\u00bb24px\u00bb body_line_height=\u00bb1.6em\u00bb custom_padding=\u00bb40px|20px|40px|20px|true|true\u00bb body_font_size_tablet=\u00bb24px\u00bb body_font_size_phone=\u00bb18px\u00bb body_font_size_last_edited=\u00bbon|desktop\u00bb body_line_height_tablet=\u00bb1.6em\u00bb body_line_height_phone=\u00bb2em\u00bb body_line_height_last_edited=\u00bbon|desktop\u00bb box_shadow_style=\u00bbpreset1&#8243; box_shadow_color=\u00bbrgba(103,151,255,0.1)\u00bb global_colors_info=\u00bb{}\u00bb background_color=\u00bb#FFFFFF\u00bb]<\/p>\n<p>Desde aqu\u00ed agrega, cambia tu informaci\u00f3n de usuario.<\/p>\n<p>[\/et_pb_blurb][\/et_pb_column][et_pb_column type=\u00bb1_3&#8243; _builder_version=\u00bb4.27.0&#8243; _module_preset=\u00bbdefault\u00bb global_colors_info=\u00bb{}\u00bb][et_pb_blurb title=\u00bbContactar al soporte\u00bb url=\u00bbhttps:\/\/wa.me\/+524431589900?\u00bb use_icon=\u00bbon\u00bb font_icon=\u00bb&#xf1cd;||fa||900&#8243; image_icon_width=\u00bb70px\u00bb content_max_width=\u00bb100%\u00bb image_icon_width_tablet=\u00bb60px\u00bb image_icon_width_phone=\u00bb50px\u00bb image_icon_width_last_edited=\u00bbon|desktop\u00bb _builder_version=\u00bb4.27.0&#8243; _module_preset=\u00bb_initial\u00bb header_font=\u00bb|700|||||||\u00bb header_text_align=\u00bbcenter\u00bb header_text_color=\u00bb#1C2C3C\u00bb header_font_size=\u00bb13px\u00bb header_letter_spacing=\u00bb1px\u00bb header_line_height=\u00bb2.7em\u00bb body_font=\u00bb|700|||||||\u00bb body_text_align=\u00bbcenter\u00bb body_text_color=\u00bb#1C2C3C\u00bb body_font_size=\u00bb24px\u00bb body_line_height=\u00bb1.6em\u00bb custom_padding=\u00bb40px|20px|40px|20px|true|true\u00bb body_font_size_tablet=\u00bb24px\u00bb body_font_size_phone=\u00bb18px\u00bb body_font_size_last_edited=\u00bbon|desktop\u00bb body_line_height_tablet=\u00bb1.6em\u00bb body_line_height_phone=\u00bb2em\u00bb body_line_height_last_edited=\u00bbon|desktop\u00bb box_shadow_style=\u00bbpreset1&#8243; box_shadow_color=\u00bbrgba(103,151,255,0.1)\u00bb global_colors_info=\u00bb{}\u00bb background_color=\u00bb#FFFFFF\u00bb]<\/p>\n<p>Si tienes alguna duda relacionada con tu sitio web ponte en contacto.<\/p>\n<p>[\/et_pb_blurb][\/et_pb_column][\/et_pb_row][et_pb_row _builder_version=\u00bb4.27.0&#8243; _module_preset=\u00bbdefault\u00bb background_color=\u00bb#FFFFFF\u00bb custom_margin=\u00bb||30px||false|false\u00bb custom_padding=\u00bb35px|40px|35px|40px|true|true\u00bb box_shadow_style=\u00bbpreset1&#8243; box_shadow_color=\u00bbrgba(103,151,255,0.1)\u00bb global_colors_info=\u00bb{}\u00bb][et_pb_column type=\u00bb4_4&#8243; _builder_version=\u00bb4.27.0&#8243; _module_preset=\u00bbdefault\u00bb global_colors_info=\u00bb{}\u00bb][et_pb_text _builder_version=\u00bb4.27.0&#8243; _module_preset=\u00bbdefault\u00bb text_line_height=\u00bb1.6em\u00bb text_orientation=\u00bbcenter\u00bb text_font_size_tablet=\u00bb\u00bb text_font_size_phone=\u00bb13px\u00bb text_font_size_last_edited=\u00bbon|phone\u00bb global_colors_info=\u00bb{}\u00bb]<\/p>\n<p>Sitio web dise\u00f1ado y desarrollado por <b>CONSTRUCLIP<\/b>\u00a0&#8211; 2024<\/p>\n<p>[\/et_pb_text][\/et_pb_column][\/et_pb_row][\/et_pb_section][et_pb_section fb_built=\u00bb1&#8243; _builder_version=\u00bb4.27.0&#8243; _module_preset=\u00bbdefault\u00bb background_color=\u00bb#f1f1f1&#8243; height_tablet=\u00bb100%\u00bb height_phone=\u00bb100%\u00bb height_last_edited=\u00bbon|desktop\u00bb display_conditions=\u00bbW3siaWQiOiJhN2RjMjRlOC0xNDUwLTRiMzEtYjYzYi1hNjI1YmRjMjBjNTkiLCJjb25kaXRpb24iOiJsb2dnZWRJblN0YXR1cyIsImNvbmRpdGlvblNldHRpbmdzIjp7ImRpc3BsYXlSdWxlIjoibG9nZ2VkT3V0IiwiYWRtaW5MYWJlbCI6IkVzdGFkbyBkZSBpbmljaW8gZGUgc2VzacOzbiIsImVuYWJsZUNvbmRpdGlvbiI6Im9uIn0sIm9wZXJhdG9yIjoiT1IifV0=\u00bb custom_padding=\u00bb38vh||38vh||true|false\u00bb global_colors_info=\u00bb{}\u00bb][et_pb_row _builder_version=\u00bb4.27.0&#8243; _module_preset=\u00bbdefault\u00bb background_color=\u00bb#FFFFFF\u00bb custom_margin=\u00bb||30px||false|false\u00bb custom_padding=\u00bb35px|40px|35px|40px|true|true\u00bb box_shadow_style=\u00bbpreset1&#8243; box_shadow_color=\u00bbrgba(103,151,255,0.1)\u00bb global_colors_info=\u00bb{}\u00bb][et_pb_column type=\u00bb4_4&#8243; _builder_version=\u00bb4.27.0&#8243; _module_preset=\u00bbdefault\u00bb global_colors_info=\u00bb{}\u00bb][et_pb_text _builder_version=\u00bb4.27.0&#8243; _module_preset=\u00bbdefault\u00bb header_font=\u00bb|700|||||||\u00bb header_text_color=\u00bb#1C2C3C\u00bb header_font_size=\u00bb28px\u00bb header_line_height=\u00bb1.3em\u00bb custom_margin=\u00bb||10px||false|false\u00bb header_font_size_tablet=\u00bb26px\u00bb header_font_size_phone=\u00bb21px\u00bb header_font_size_last_edited=\u00bbon|phone\u00bb global_colors_info=\u00bb{}\u00bb]<\/p>\n<h1>Inicia sesi\u00f3n para poder acceder a tu dashboard<\/h1>\n<p>[\/et_pb_text][et_pb_text _builder_version=\u00bb4.27.0&#8243; _module_preset=\u00bbdefault\u00bb text_font_size=\u00bb15px\u00bb text_line_height=\u00bb1.6em\u00bb global_colors_info=\u00bb{}\u00bb]Desde este panel puedes gestionar las p\u00e1ginas, las publicaciones del blog, administrar comentarios, medios, usuarios, y contactarnos para resolver cualquier duda que tengas sobre tu sitio web.[\/et_pb_text][et_pb_button button_url=\u00bbhttps:\/\/construclip.com.mx\/cc-login\/\u00bb button_text=\u00bbIniciar sesi\u00f3n\u00bb _builder_version=\u00bb4.27.0&#8243; _module_preset=\u00bbdefault\u00bb custom_button=\u00bbon\u00bb button_text_size=\u00bb14px\u00bb button_text_color=\u00bb#1C2C3C\u00bb button_bg_color=\u00bbRGBA(255,255,255,0)\u00bb button_border_radius=\u00bb10px\u00bb global_colors_info=\u00bb{}\u00bb button_text_color__hover_enabled=\u00bbon|desktop\u00bb button_text_color__hover=\u00bb#FA8D2D\u00bb][\/et_pb_button][\/et_pb_column][\/et_pb_row][\/et_pb_section]<\/p>\n","protected":false},"excerpt":{"rendered":"<p>\u00a1Bienvenido a tu sitio web!Desde este panel puedes gestionar las p\u00e1ginas, las publicaciones del blog, administrar comentarios, medios, usuarios, y contactarnos para resolver cualquier duda que tengas sobre tu sitio web.Desde aqu\u00ed agrega, edita o elimina las p\u00e1ginas del blog de tu sitio.Desde aqu\u00ed agrega una nueva p\u00e1gina para el blog.Desde aqu\u00ed aprueba, edita o [&hellip;]<\/p>\n","protected":false},"author":1,"featured_media":0,"parent":0,"menu_order":0,"comment_status":"closed","ping_status":"closed","template":"page-template-blank.php","meta":{"_et_pb_use_builder":"on","_et_pb_old_content":"","_et_gb_content_width":"","footnotes":""},"class_list":["post-1243","page","type-page","status-publish","hentry"],"_links":{"self":[{"href":"https:\/\/academiadederechonotarial.org\/index.php\/wp-json\/wp\/v2\/pages\/1243","targetHints":{"allow":["GET"]}}],"collection":[{"href":"https:\/\/academiadederechonotarial.org\/index.php\/wp-json\/wp\/v2\/pages"}],"about":[{"href":"https:\/\/academiadederechonotarial.org\/index.php\/wp-json\/wp\/v2\/types\/page"}],"author":[{"embeddable":true,"href":"https:\/\/academiadederechonotarial.org\/index.php\/wp-json\/wp\/v2\/users\/1"}],"replies":[{"embeddable":true,"href":"https:\/\/academiadederechonotarial.org\/index.php\/wp-json\/wp\/v2\/comments?post=1243"}],"version-history":[{"count":8,"href":"https:\/\/academiadederechonotarial.org\/index.php\/wp-json\/wp\/v2\/pages\/1243\/revisions"}],"predecessor-version":[{"id":19618,"href":"https:\/\/academiadederechonotarial.org\/index.php\/wp-json\/wp\/v2\/pages\/1243\/revisions\/19618"}],"wp:attachment":[{"href":"https:\/\/academiadederechonotarial.org\/index.php\/wp-json\/wp\/v2\/media?parent=1243"}],"curies":[{"name":"wp","href":"https:\/\/api.w.org\/{rel}","templated":true}]}}