{"id":3,"date":"2024-09-10T23:57:21","date_gmt":"2024-09-10T23:57:21","guid":{"rendered":"https:\/\/academiadederechonotarial.org\/?page_id=3"},"modified":"2024-09-18T17:17:22","modified_gmt":"2024-09-18T23:17:22","slug":"avisoprivacidad","status":"publish","type":"page","link":"https:\/\/academiadederechonotarial.org\/index.php\/avisoprivacidad\/","title":{"rendered":"Aviso de Privacidad"},"content":{"rendered":"\n<p><strong>Academia de Notarios de Michoac\u00e1n<\/strong><\/p>\n\n\n\n<p>En cumplimiento con la Ley Federal de Protecci\u00f3n de Datos Personales en Posesi\u00f3n de los Particulares, la <strong>Academia de Notarios de Michoac\u00e1n<\/strong> (en adelante \u00abAcademia\u00bb), con domicilio en Morelia, Michoac\u00e1n, se compromete a proteger la privacidad de los datos personales que recabamos y a utilizar dicha informaci\u00f3n de manera responsable y segura.<\/p>\n\n\n\n<h3 class=\"wp-block-heading\">1. <strong>Datos personales que recabamos<\/strong><\/h3>\n\n\n\n<p>La Academia puede recabar los siguientes datos personales de usted:<\/p>\n\n\n\n<ul class=\"wp-block-list\">\n<li>Nombre completo<\/li>\n\n\n\n<li>Correo electr\u00f3nico<\/li>\n\n\n\n<li>Tel\u00e9fono<\/li>\n\n\n\n<li>Direcci\u00f3n<\/li>\n\n\n\n<li>Informaci\u00f3n relacionada con servicios notariales<\/li>\n<\/ul>\n\n\n\n<h3 class=\"wp-block-heading\">2. <strong>Finalidad del tratamiento de los datos<\/strong><\/h3>\n\n\n\n<p>Los datos personales que recabamos ser\u00e1n utilizados para las siguientes finalidades:<\/p>\n\n\n\n<ul class=\"wp-block-list\">\n<li>Mantener comunicaci\u00f3n sobre nuestros eventos, capacitaciones y servicios.<\/li>\n\n\n\n<li>Atender solicitudes de informaci\u00f3n o asesor\u00eda.<\/li>\n\n\n\n<li>Gestionar la participaci\u00f3n en cursos, seminarios y otras actividades acad\u00e9micas.<\/li>\n\n\n\n<li>Cumplir con obligaciones legales y regulatorias.<\/li>\n<\/ul>\n\n\n\n<h3 class=\"wp-block-heading\">3. <strong>Transferencia de datos<\/strong><\/h3>\n\n\n\n<p>Sus datos personales no ser\u00e1n compartidos con terceros sin su consentimiento, salvo que sea requerido por una autoridad competente o para cumplir con obligaciones legales aplicables.<\/p>\n\n\n\n<h3 class=\"wp-block-heading\">4. <strong>Derechos ARCO<\/strong><\/h3>\n\n\n\n<p>Usted tiene el derecho de Acceder, Rectificar, Cancelar u Oponerse (ARCO) al tratamiento de sus datos personales en cualquier momento. Para ejercer estos derechos, puede enviar una solicitud al correo electr\u00f3nico academianotarial@yahoo.com, indicando el derecho que desea ejercer y proporcionando los datos necesarios para su identificaci\u00f3n.<\/p>\n\n\n\n<h3 class=\"wp-block-heading\">5. <strong>Medidas de seguridad<\/strong><\/h3>\n\n\n\n<p>La Academia implementa medidas de seguridad administrativas, t\u00e9cnicas y f\u00edsicas para proteger sus datos personales contra el acceso no autorizado, p\u00e9rdida o alteraci\u00f3n indebida.<\/p>\n\n\n\n<h3 class=\"wp-block-heading\">6. <strong>Cambios en el aviso de privacidad<\/strong><\/h3>\n\n\n\n<p>La Academia se reserva el derecho de realizar modificaciones o actualizaciones al presente Aviso de Privacidad, las cuales ser\u00e1n publicadas en esta p\u00e1gina web. Recomendamos revisar peri\u00f3dicamente este Aviso para estar informado sobre cualquier cambio.<\/p>\n\n\n\n<p>Para cualquier duda o aclaraci\u00f3n respecto a este Aviso de Privacidad, puede ponerse en contacto con nosotros a trav\u00e9s de academianotarial@yahoo.com.<\/p>\n\n\n\n<p><strong>Fecha de \u00faltima actualizaci\u00f3n:<\/strong>  18-Septiembre-2024<br>Academia de Notarios de Michoac\u00e1n<\/p>\n","protected":false},"excerpt":{"rendered":"<p>Academia de Notarios de Michoac\u00e1n En cumplimiento con la Ley Federal de Protecci\u00f3n de Datos Personales en Posesi\u00f3n de los Particulares, la Academia de Notarios de Michoac\u00e1n (en adelante \u00abAcademia\u00bb), con domicilio en Morelia, Michoac\u00e1n, se compromete a proteger la privacidad de los datos personales que recabamos y a utilizar dicha informaci\u00f3n de manera responsable [&hellip;]<\/p>\n","protected":false},"author":1,"featured_media":0,"parent":0,"menu_order":0,"comment_status":"closed","ping_status":"closed","template":"","meta":{"_et_pb_use_builder":"","_et_pb_old_content":"","_et_gb_content_width":"","footnotes":""},"class_list":["post-3","page","type-page","status-publish","hentry"],"_links":{"self":[{"href":"https:\/\/academiadederechonotarial.org\/index.php\/wp-json\/wp\/v2\/pages\/3","targetHints":{"allow":["GET"]}}],"collection":[{"href":"https:\/\/academiadederechonotarial.org\/index.php\/wp-json\/wp\/v2\/pages"}],"about":[{"href":"https:\/\/academiadederechonotarial.org\/index.php\/wp-json\/wp\/v2\/types\/page"}],"author":[{"embeddable":true,"href":"https:\/\/academiadederechonotarial.org\/index.php\/wp-json\/wp\/v2\/users\/1"}],"replies":[{"embeddable":true,"href":"https:\/\/academiadederechonotarial.org\/index.php\/wp-json\/wp\/v2\/comments?post=3"}],"version-history":[{"count":4,"href":"https:\/\/academiadederechonotarial.org\/index.php\/wp-json\/wp\/v2\/pages\/3\/revisions"}],"predecessor-version":[{"id":18818,"href":"https:\/\/academiadederechonotarial.org\/index.php\/wp-json\/wp\/v2\/pages\/3\/revisions\/18818"}],"wp:attachment":[{"href":"https:\/\/academiadederechonotarial.org\/index.php\/wp-json\/wp\/v2\/media?parent=3"}],"curies":[{"name":"wp","href":"https:\/\/api.w.org\/{rel}","templated":true}]}}